{"id":698,"date":"2021-08-20T08:42:21","date_gmt":"2021-08-20T08:42:21","guid":{"rendered":"https:\/\/www.nenaneffati.com\/produit\/single-prong-weeder"},"modified":"2024-07-05T08:42:43","modified_gmt":"2024-07-05T06:42:43","slug":"serviette-de-table-linge-de-maison","status":"publish","type":"product","link":"https:\/\/www.nenaneffati.com\/en\/product\/serviette-de-table-linge-de-maison","title":{"rendered":"Nappkins"},"content":{"rendered":"","protected":false},"excerpt":{"rendered":"<p class=\"translation-block\">2 Table napkin made of noble materials, composed of 45% paper fiber and 55% BCI cotton, in a soft pearl shade, evoking timeless elegance and adorning your table with a subtle touch of grace.<\/p>\n<p>Con\u00e7ue pour allier style et praticit\u00e9, chaque serviette refl\u00e8te le charme intemporel de la collection. Opter pour la serviette de table de la Collection Marie-Louise, c&rsquo;est ajouter une touche de sophistication \u00e0 chaque repas, cr\u00e9ant ainsi des moments m\u00e9morables autour de votre table.<\/p>\n<p>&nbsp;<\/p>","protected":false},"featured_media":3615,"comment_status":"open","ping_status":"closed","template":"","meta":{"site-sidebar-layout":"no-sidebar","site-content-layout":"content-boxed-container","ast-site-content-layout":"normal-width-container","site-content-style":"boxed","site-sidebar-style":"unboxed","ast-global-header-display":"","ast-banner-title-visibility":"","ast-main-header-display":"","ast-hfb-above-header-display":"","ast-hfb-below-header-display":"","ast-hfb-mobile-header-display":"","site-post-title":"","ast-breadcrumbs-content":"","ast-featured-img":"","footer-sml-layout":"","ast-disable-related-posts":"","theme-transparent-header-meta":"default","adv-header-id-meta":"","stick-header-meta":"","header-above-stick-meta":"","header-main-stick-meta":"","header-below-stick-meta":"","astra-migrate-meta-layouts":"set","ast-page-background-enabled":"default","ast-page-background-meta":{"desktop":{"background-color":"var(--ast-global-color-4)","background-image":"","background-repeat":"repeat","background-position":"center center","background-size":"auto","background-attachment":"scroll","background-type":"","background-media":"","overlay-type":"","overlay-color":"","overlay-opacity":"","overlay-gradient":""},"tablet":{"background-color":"","background-image":"","background-repeat":"repeat","background-position":"center center","background-size":"auto","background-attachment":"scroll","background-type":"","background-media":"","overlay-type":"","overlay-color":"","overlay-opacity":"","overlay-gradient":""},"mobile":{"background-color":"","background-image":"","background-repeat":"repeat","background-position":"center center","background-size":"auto","background-attachment":"scroll","background-type":"","background-media":"","overlay-type":"","overlay-color":"","overlay-opacity":"","overlay-gradient":""}},"ast-content-background-meta":{"desktop":{"background-color":"var(--ast-global-color-5)","background-image":"","background-repeat":"repeat","background-position":"center center","background-size":"auto","background-attachment":"scroll","background-type":"","background-media":"","overlay-type":"","overlay-color":"","overlay-opacity":"","overlay-gradient":""},"tablet":{"background-color":"var(--ast-global-color-5)","background-image":"","background-repeat":"repeat","background-position":"center center","background-size":"auto","background-attachment":"scroll","background-type":"","background-media":"","overlay-type":"","overlay-color":"","overlay-opacity":"","overlay-gradient":""},"mobile":{"background-color":"var(--ast-global-color-5)","background-image":"","background-repeat":"repeat","background-position":"center center","background-size":"auto","background-attachment":"scroll","background-type":"","background-media":"","overlay-type":"","overlay-color":"","overlay-opacity":"","overlay-gradient":""}}},"product_brand":[],"product_cat":[105],"product_tag":[],"class_list":{"0":"post-698","1":"product","2":"type-product","3":"status-publish","4":"has-post-thumbnail","6":"product_cat-collection-marie-louise","7":"desktop-align-left","8":"tablet-align-left","9":"mobile-align-left","11":"first","12":"instock","13":"featured","14":"shipping-taxable","15":"purchasable","16":"product-type-simple"},"yoast_head":"<!-- This site is optimized with the Yoast SEO plugin v27.5 - https:\/\/yoast.com\/product\/yoast-seo-wordpress\/ -->\n<title>Serviette de table - NeNa Neffati<\/title>\n<meta name=\"description\" content=\"La serviette de table de la Collection Marie-Louise incarne l&#039;essence m\u00eame de l&#039;\u00e9l\u00e9gance pour votre table. Fabriqu\u00e9e avec minutie \u00e0 partir de mat\u00e9riaux de qualit\u00e9 sup\u00e9rieure, elle t\u00e9moigne d&#039;un engagement profond envers le raffinement et le souci du d\u00e9tail.\" \/>\n<meta name=\"robots\" content=\"index, follow, max-snippet:-1, max-image-preview:large, max-video-preview:-1\" \/>\n<link rel=\"canonical\" href=\"https:\/\/www.nenaneffati.com\/en\/product\/serviette-de-table-linge-de-maison\/\" \/>\n<meta property=\"og:locale\" content=\"en_US\" \/>\n<meta property=\"og:type\" content=\"article\" \/>\n<meta property=\"og:title\" content=\"Serviette de table - NeNa Neffati\" \/>\n<meta property=\"og:description\" content=\"La serviette de table de la Collection Marie-Louise incarne l&#039;essence m\u00eame de l&#039;\u00e9l\u00e9gance pour votre table. Fabriqu\u00e9e avec minutie \u00e0 partir de mat\u00e9riaux de qualit\u00e9 sup\u00e9rieure, elle t\u00e9moigne d&#039;un engagement profond envers le raffinement et le souci du d\u00e9tail.\" \/>\n<meta property=\"og:url\" content=\"https:\/\/www.nenaneffati.com\/en\/product\/serviette-de-table-linge-de-maison\/\" \/>\n<meta property=\"article:modified_time\" content=\"2024-07-05T06:42:43+00:00\" \/>\n<meta property=\"og:image\" content=\"https:\/\/www.nenaneffati.com\/wp-content\/uploads\/Mesa_Dubbo_02-scaled.jpg\" \/>\n\t<meta property=\"og:image:width\" content=\"2560\" \/>\n\t<meta property=\"og:image:height\" content=\"2560\" \/>\n\t<meta property=\"og:image:type\" content=\"image\/jpeg\" \/>\n<meta name=\"twitter:card\" content=\"summary_large_image\" \/>\n<meta name=\"twitter:label1\" content=\"Est. reading time\" \/>\n\t<meta name=\"twitter:data1\" content=\"1 minute\" \/>\n<script type=\"application\/ld+json\" class=\"yoast-schema-graph\">{\"@context\":\"https:\\\/\\\/schema.org\",\"@graph\":[{\"@type\":\"WebPage\",\"@id\":\"https:\\\/\\\/www.nenaneffati.com\\\/produit\\\/serviette-de-table-linge-de-maison\",\"url\":\"https:\\\/\\\/www.nenaneffati.com\\\/produit\\\/serviette-de-table-linge-de-maison\",\"name\":\"Serviette de table - NeNa Neffati\",\"isPartOf\":{\"@id\":\"https:\\\/\\\/www.nenaneffati.com\\\/#website\"},\"primaryImageOfPage\":{\"@id\":\"https:\\\/\\\/www.nenaneffati.com\\\/produit\\\/serviette-de-table-linge-de-maison#primaryimage\"},\"image\":{\"@id\":\"https:\\\/\\\/www.nenaneffati.com\\\/produit\\\/serviette-de-table-linge-de-maison#primaryimage\"},\"thumbnailUrl\":\"https:\\\/\\\/www.nenaneffati.com\\\/wp-content\\\/uploads\\\/Mesa_Dubbo_02-scaled.jpg\",\"datePublished\":\"2021-08-20T08:42:21+00:00\",\"dateModified\":\"2024-07-05T06:42:43+00:00\",\"description\":\"La serviette de table de la Collection Marie-Louise incarne l'essence m\u00eame de l'\u00e9l\u00e9gance pour votre table. Fabriqu\u00e9e avec minutie \u00e0 partir de mat\u00e9riaux de qualit\u00e9 sup\u00e9rieure, elle t\u00e9moigne d'un engagement profond envers le raffinement et le souci du d\u00e9tail.\",\"breadcrumb\":{\"@id\":\"https:\\\/\\\/www.nenaneffati.com\\\/produit\\\/serviette-de-table-linge-de-maison#breadcrumb\"},\"inLanguage\":\"en-US\",\"potentialAction\":[{\"@type\":\"ReadAction\",\"target\":[\"https:\\\/\\\/www.nenaneffati.com\\\/produit\\\/serviette-de-table-linge-de-maison\"]}]},{\"@type\":\"ImageObject\",\"inLanguage\":\"en-US\",\"@id\":\"https:\\\/\\\/www.nenaneffati.com\\\/produit\\\/serviette-de-table-linge-de-maison#primaryimage\",\"url\":\"https:\\\/\\\/www.nenaneffati.com\\\/wp-content\\\/uploads\\\/Mesa_Dubbo_02-scaled.jpg\",\"contentUrl\":\"https:\\\/\\\/www.nenaneffati.com\\\/wp-content\\\/uploads\\\/Mesa_Dubbo_02-scaled.jpg\",\"width\":2560,\"height\":2560},{\"@type\":\"BreadcrumbList\",\"@id\":\"https:\\\/\\\/www.nenaneffati.com\\\/produit\\\/serviette-de-table-linge-de-maison#breadcrumb\",\"itemListElement\":[{\"@type\":\"ListItem\",\"position\":1,\"name\":\"Accueil\",\"item\":\"https:\\\/\\\/www.nenaneffati.com\\\/\"},{\"@type\":\"ListItem\",\"position\":2,\"name\":\"Collections\\\/Boutique\",\"item\":\"https:\\\/\\\/www.nenaneffati.com\\\/collection-boutique-linge-de-maison\"},{\"@type\":\"ListItem\",\"position\":3,\"name\":\"Serviette de table\"}]},{\"@type\":\"WebSite\",\"@id\":\"https:\\\/\\\/www.nenaneffati.com\\\/#website\",\"url\":\"https:\\\/\\\/www.nenaneffati.com\\\/\",\"name\":\"\",\"description\":\"\",\"potentialAction\":[{\"@type\":\"SearchAction\",\"target\":{\"@type\":\"EntryPoint\",\"urlTemplate\":\"https:\\\/\\\/www.nenaneffati.com\\\/?s={search_term_string}\"},\"query-input\":{\"@type\":\"PropertyValueSpecification\",\"valueRequired\":true,\"valueName\":\"search_term_string\"}}],\"inLanguage\":\"en-US\"}]}<\/script>\n<!-- \/ Yoast SEO plugin. -->","yoast_head_json":{"title":"Serviette de table - NeNa Neffati","description":"La serviette de table de la Collection Marie-Louise incarne l'essence m\u00eame de l'\u00e9l\u00e9gance pour votre table. Fabriqu\u00e9e avec minutie \u00e0 partir de mat\u00e9riaux de qualit\u00e9 sup\u00e9rieure, elle t\u00e9moigne d'un engagement profond envers le raffinement et le souci du d\u00e9tail.","robots":{"index":"index","follow":"follow","max-snippet":"max-snippet:-1","max-image-preview":"max-image-preview:large","max-video-preview":"max-video-preview:-1"},"canonical":"https:\/\/www.nenaneffati.com\/en\/product\/serviette-de-table-linge-de-maison\/","og_locale":"en_US","og_type":"article","og_title":"Serviette de table - NeNa Neffati","og_description":"La serviette de table de la Collection Marie-Louise incarne l'essence m\u00eame de l'\u00e9l\u00e9gance pour votre table. Fabriqu\u00e9e avec minutie \u00e0 partir de mat\u00e9riaux de qualit\u00e9 sup\u00e9rieure, elle t\u00e9moigne d'un engagement profond envers le raffinement et le souci du d\u00e9tail.","og_url":"https:\/\/www.nenaneffati.com\/en\/product\/serviette-de-table-linge-de-maison\/","article_modified_time":"2024-07-05T06:42:43+00:00","og_image":[{"width":2560,"height":2560,"url":"https:\/\/www.nenaneffati.com\/wp-content\/uploads\/Mesa_Dubbo_02-scaled.jpg","type":"image\/jpeg"}],"twitter_card":"summary_large_image","twitter_misc":{"Est. reading time":"1 minute"},"schema":{"@context":"https:\/\/schema.org","@graph":[{"@type":"WebPage","@id":"https:\/\/www.nenaneffati.com\/produit\/serviette-de-table-linge-de-maison","url":"https:\/\/www.nenaneffati.com\/produit\/serviette-de-table-linge-de-maison","name":"Serviette de table - NeNa Neffati","isPartOf":{"@id":"https:\/\/www.nenaneffati.com\/#website"},"primaryImageOfPage":{"@id":"https:\/\/www.nenaneffati.com\/produit\/serviette-de-table-linge-de-maison#primaryimage"},"image":{"@id":"https:\/\/www.nenaneffati.com\/produit\/serviette-de-table-linge-de-maison#primaryimage"},"thumbnailUrl":"https:\/\/www.nenaneffati.com\/wp-content\/uploads\/Mesa_Dubbo_02-scaled.jpg","datePublished":"2021-08-20T08:42:21+00:00","dateModified":"2024-07-05T06:42:43+00:00","description":"La serviette de table de la Collection Marie-Louise incarne l'essence m\u00eame de l'\u00e9l\u00e9gance pour votre table. Fabriqu\u00e9e avec minutie \u00e0 partir de mat\u00e9riaux de qualit\u00e9 sup\u00e9rieure, elle t\u00e9moigne d'un engagement profond envers le raffinement et le souci du d\u00e9tail.","breadcrumb":{"@id":"https:\/\/www.nenaneffati.com\/produit\/serviette-de-table-linge-de-maison#breadcrumb"},"inLanguage":"en-US","potentialAction":[{"@type":"ReadAction","target":["https:\/\/www.nenaneffati.com\/produit\/serviette-de-table-linge-de-maison"]}]},{"@type":"ImageObject","inLanguage":"en-US","@id":"https:\/\/www.nenaneffati.com\/produit\/serviette-de-table-linge-de-maison#primaryimage","url":"https:\/\/www.nenaneffati.com\/wp-content\/uploads\/Mesa_Dubbo_02-scaled.jpg","contentUrl":"https:\/\/www.nenaneffati.com\/wp-content\/uploads\/Mesa_Dubbo_02-scaled.jpg","width":2560,"height":2560},{"@type":"BreadcrumbList","@id":"https:\/\/www.nenaneffati.com\/produit\/serviette-de-table-linge-de-maison#breadcrumb","itemListElement":[{"@type":"ListItem","position":1,"name":"Accueil","item":"https:\/\/www.nenaneffati.com\/"},{"@type":"ListItem","position":2,"name":"Collections\/Boutique","item":"https:\/\/www.nenaneffati.com\/collection-boutique-linge-de-maison"},{"@type":"ListItem","position":3,"name":"Serviette de table"}]},{"@type":"WebSite","@id":"https:\/\/www.nenaneffati.com\/#website","url":"https:\/\/www.nenaneffati.com\/","name":"","description":"","potentialAction":[{"@type":"SearchAction","target":{"@type":"EntryPoint","urlTemplate":"https:\/\/www.nenaneffati.com\/?s={search_term_string}"},"query-input":{"@type":"PropertyValueSpecification","valueRequired":true,"valueName":"search_term_string"}}],"inLanguage":"en-US"}]}},"jetpack_sharing_enabled":true,"_links":{"self":[{"href":"https:\/\/www.nenaneffati.com\/en\/wp-json\/wp\/v2\/product\/698","targetHints":{"allow":["GET"]}}],"collection":[{"href":"https:\/\/www.nenaneffati.com\/en\/wp-json\/wp\/v2\/product"}],"about":[{"href":"https:\/\/www.nenaneffati.com\/en\/wp-json\/wp\/v2\/types\/product"}],"replies":[{"embeddable":true,"href":"https:\/\/www.nenaneffati.com\/en\/wp-json\/wp\/v2\/comments?post=698"}],"version-history":[{"count":17,"href":"https:\/\/www.nenaneffati.com\/en\/wp-json\/wp\/v2\/product\/698\/revisions"}],"predecessor-version":[{"id":3853,"href":"https:\/\/www.nenaneffati.com\/en\/wp-json\/wp\/v2\/product\/698\/revisions\/3853"}],"wp:featuredmedia":[{"embeddable":true,"href":"https:\/\/www.nenaneffati.com\/en\/wp-json\/wp\/v2\/media\/3615"}],"wp:attachment":[{"href":"https:\/\/www.nenaneffati.com\/en\/wp-json\/wp\/v2\/media?parent=698"}],"wp:term":[{"taxonomy":"product_brand","embeddable":true,"href":"https:\/\/www.nenaneffati.com\/en\/wp-json\/wp\/v2\/product_brand?post=698"},{"taxonomy":"product_cat","embeddable":true,"href":"https:\/\/www.nenaneffati.com\/en\/wp-json\/wp\/v2\/product_cat?post=698"},{"taxonomy":"product_tag","embeddable":true,"href":"https:\/\/www.nenaneffati.com\/en\/wp-json\/wp\/v2\/product_tag?post=698"}],"curies":[{"name":"wp","href":"https:\/\/api.w.org\/{rel}","templated":true}]}}