{"id":237,"date":"2021-08-18T03:23:30","date_gmt":"2021-08-18T03:23:30","guid":{"rendered":"https:\/\/www.nenaneffati.com\/produit\/dracaena-lisa"},"modified":"2024-07-05T08:48:52","modified_gmt":"2024-07-05T06:48:52","slug":"nappe-carree-jacquard","status":"publish","type":"product","link":"https:\/\/www.nenaneffati.com\/en\/product\/nappe-carree-jacquard","title":{"rendered":"Jacquard Square tablecloth"},"content":{"rendered":"<div data-elementor-type=\"wp-post\" data-elementor-id=\"237\" class=\"elementor elementor-237\">\n\t\t\t\t\t\t<section class=\"elementor-section elementor-top-section elementor-element elementor-element-ba67924 elementor-section-boxed elementor-section-height-default elementor-section-height-default wpr-particle-no wpr-jarallax-no wpr-parallax-no wpr-sticky-section-no wpr-equal-height-no\" data-id=\"ba67924\" data-element_type=\"section\" data-e-type=\"section\">\n\t\t\t\t\t\t<div class=\"elementor-container elementor-column-gap-no\">\n\t\t\t\t\t<div class=\"elementor-column elementor-col-100 elementor-top-column elementor-element elementor-element-5ecb1f6\" data-id=\"5ecb1f6\" data-element_type=\"column\" data-e-type=\"column\">\n\t\t\t<div class=\"elementor-widget-wrap elementor-element-populated\">\n\t\t\t\t\t\t<div class=\"elementor-element elementor-element-ded8847 elementor-widget elementor-widget-heading\" data-id=\"ded8847\" data-element_type=\"widget\" data-e-type=\"widget\" data-widget_type=\"heading.default\">\n\t\t\t\t<div class=\"elementor-widget-container\">\n\t\t\t\t\t<h3 class=\"elementor-heading-title elementor-size-default\">Maecenas efficitur ornare massa. <\/h3>\t\t\t\t<\/div>\n\t\t\t\t<\/div>\n\t\t\t\t<div class=\"elementor-element elementor-element-d10668a elementor-widget elementor-widget-heading\" data-id=\"d10668a\" data-element_type=\"widget\" data-e-type=\"widget\" data-widget_type=\"heading.default\">\n\t\t\t\t<div class=\"elementor-widget-container\">\n\t\t\t\t\t<h5 class=\"elementor-heading-title elementor-size-default\">Duis auctor nisl vitae purus interdum, quis congue lacus rutrum. <\/h5>\t\t\t\t<\/div>\n\t\t\t\t<\/div>\n\t\t\t\t<div class=\"elementor-element elementor-element-f709adf elementor-widget elementor-widget-text-editor\" data-id=\"f709adf\" data-element_type=\"widget\" data-e-type=\"widget\" data-widget_type=\"text-editor.default\">\n\t\t\t\t<div class=\"elementor-widget-container\">\n\t\t\t\t\t\t\t\t\t<p>Lorem ipsum dolor sit amet, consectetur adipiscing elit. Suspendisse ac massa eget urna tempor vehicula vel id nisi. Pellentesque sed felis auctor, molestie lectus vitae, elementum orci. In et nunc consequat, semper tellus eget, euismod quam.<\/p>\t\t\t\t\t\t\t\t<\/div>\n\t\t\t\t<\/div>\n\t\t\t\t<section class=\"elementor-section elementor-inner-section elementor-element elementor-element-4145ccc elementor-section-boxed elementor-section-height-default elementor-section-height-default wpr-particle-no wpr-jarallax-no wpr-parallax-no wpr-sticky-section-no wpr-equal-height-no\" data-id=\"4145ccc\" data-element_type=\"section\" data-e-type=\"section\" data-settings=\"{&quot;background_background&quot;:&quot;classic&quot;}\">\n\t\t\t\t\t\t<div class=\"elementor-container elementor-column-gap-default\">\n\t\t\t\t\t<div class=\"elementor-column elementor-col-100 elementor-inner-column elementor-element elementor-element-7d771d9\" data-id=\"7d771d9\" data-element_type=\"column\" data-e-type=\"column\">\n\t\t\t<div class=\"elementor-widget-wrap elementor-element-populated\">\n\t\t\t\t\t\t<div class=\"elementor-element elementor-element-0d27c66 elementor-widget elementor-widget-heading\" data-id=\"0d27c66\" data-element_type=\"widget\" data-e-type=\"widget\" data-widget_type=\"heading.default\">\n\t\t\t\t<div class=\"elementor-widget-container\">\n\t\t\t\t\t<h6 class=\"elementor-heading-title elementor-size-default\">Nunc tempus<\/h6>\t\t\t\t<\/div>\n\t\t\t\t<\/div>\n\t\t\t\t<div class=\"elementor-element elementor-element-44b1426 elementor-widget elementor-widget-heading\" data-id=\"44b1426\" data-element_type=\"widget\" data-e-type=\"widget\" data-widget_type=\"heading.default\">\n\t\t\t\t<div class=\"elementor-widget-container\">\n\t\t\t\t\t<h3 class=\"elementor-heading-title elementor-size-default\">Duis vel ipsum vitae est semper varius.<\/h3>\t\t\t\t<\/div>\n\t\t\t\t<\/div>\n\t\t\t\t<div class=\"elementor-element elementor-element-7047947 elementor-widget elementor-widget-heading\" data-id=\"7047947\" data-element_type=\"widget\" data-e-type=\"widget\" data-widget_type=\"heading.default\">\n\t\t\t\t<div class=\"elementor-widget-container\">\n\t\t\t\t\t<h4 class=\"elementor-heading-title elementor-size-default\">Lorem ipsum dolor sit amet, consectetur adipiscing elit.<\/h4>\t\t\t\t<\/div>\n\t\t\t\t<\/div>\n\t\t\t\t\t<\/div>\n\t\t<\/div>\n\t\t\t\t\t<\/div>\n\t\t<\/section>\n\t\t\t\t<section class=\"elementor-section elementor-inner-section elementor-element elementor-element-65d1b4a elementor-section-boxed elementor-section-height-default elementor-section-height-default wpr-particle-no wpr-jarallax-no wpr-parallax-no wpr-sticky-section-no wpr-equal-height-no\" data-id=\"65d1b4a\" data-element_type=\"section\" data-e-type=\"section\">\n\t\t\t\t\t\t<div class=\"elementor-container elementor-column-gap-no\">\n\t\t\t\t\t<div class=\"elementor-column elementor-col-50 elementor-inner-column elementor-element elementor-element-117d100\" data-id=\"117d100\" data-element_type=\"column\" data-e-type=\"column\">\n\t\t\t<div class=\"elementor-widget-wrap elementor-element-populated\">\n\t\t\t\t\t\t<div class=\"elementor-element elementor-element-5363c04 elementor-widget elementor-widget-heading\" data-id=\"5363c04\" data-element_type=\"widget\" data-e-type=\"widget\" data-widget_type=\"heading.default\">\n\t\t\t\t<div class=\"elementor-widget-container\">\n\t\t\t\t\t<h3 class=\"elementor-heading-title elementor-size-default\">Sad Plants Signs<\/h3>\t\t\t\t<\/div>\n\t\t\t\t<\/div>\n\t\t\t\t\t<\/div>\n\t\t<\/div>\n\t\t\t\t<div class=\"elementor-column elementor-col-50 elementor-inner-column elementor-element elementor-element-0b277a9\" data-id=\"0b277a9\" data-element_type=\"column\" data-e-type=\"column\">\n\t\t\t<div class=\"elementor-widget-wrap elementor-element-populated\">\n\t\t\t\t\t\t<div class=\"elementor-element elementor-element-9ef3938 elementor-align-start elementor-icon-list--layout-traditional elementor-list-item-link-full_width elementor-widget elementor-widget-icon-list\" data-id=\"9ef3938\" data-element_type=\"widget\" data-e-type=\"widget\" data-widget_type=\"icon-list.default\">\n\t\t\t\t<div class=\"elementor-widget-container\">\n\t\t\t\t\t\t\t<ul class=\"elementor-icon-list-items\">\n\t\t\t\t\t\t\t<li class=\"elementor-icon-list-item\">\n\t\t\t\t\t\t\t\t\t\t\t<span class=\"elementor-icon-list-icon\">\n\t\t\t\t\t\t\t<i aria-hidden=\"true\" class=\"far fa-dot-circle\"><\/i>\t\t\t\t\t\t<\/span>\n\t\t\t\t\t\t\t\t\t\t<span class=\"elementor-icon-list-text\">Duis vel ipsum vitae est semper varius in id<\/span>\n\t\t\t\t\t\t\t\t\t<\/li>\n\t\t\t\t\t\t\t\t<li class=\"elementor-icon-list-item\">\n\t\t\t\t\t\t\t\t\t\t\t<span class=\"elementor-icon-list-icon\">\n\t\t\t\t\t\t\t<i aria-hidden=\"true\" class=\"far fa-dot-circle\"><\/i>\t\t\t\t\t\t<\/span>\n\t\t\t\t\t\t\t\t\t\t<span class=\"elementor-icon-list-text\">Class aptent taciti sociosqu<\/span>\n\t\t\t\t\t\t\t\t\t<\/li>\n\t\t\t\t\t\t\t\t<li class=\"elementor-icon-list-item\">\n\t\t\t\t\t\t\t\t\t\t\t<span class=\"elementor-icon-list-icon\">\n\t\t\t\t\t\t\t<i aria-hidden=\"true\" class=\"far fa-dot-circle\"><\/i>\t\t\t\t\t\t<\/span>\n\t\t\t\t\t\t\t\t\t\t<span class=\"elementor-icon-list-text\">Litora torquent per conubia nostra per<\/span>\n\t\t\t\t\t\t\t\t\t<\/li>\n\t\t\t\t\t\t\t\t<li class=\"elementor-icon-list-item\">\n\t\t\t\t\t\t\t\t\t\t\t<span class=\"elementor-icon-list-icon\">\n\t\t\t\t\t\t\t<i aria-hidden=\"true\" class=\"far fa-dot-circle\"><\/i>\t\t\t\t\t\t<\/span>\n\t\t\t\t\t\t\t\t\t\t<span class=\"elementor-icon-list-text\">Inceptos himenaeos praesent<\/span>\n\t\t\t\t\t\t\t\t\t<\/li>\n\t\t\t\t\t\t\t\t<li class=\"elementor-icon-list-item\">\n\t\t\t\t\t\t\t\t\t\t\t<span class=\"elementor-icon-list-icon\">\n\t\t\t\t\t\t\t<i aria-hidden=\"true\" class=\"far fa-dot-circle\"><\/i>\t\t\t\t\t\t<\/span>\n\t\t\t\t\t\t\t\t\t\t<span class=\"elementor-icon-list-text\">Fermentum elit eget<\/span>\n\t\t\t\t\t\t\t\t\t<\/li>\n\t\t\t\t\t\t<\/ul>\n\t\t\t\t\t\t<\/div>\n\t\t\t\t<\/div>\n\t\t\t\t\t<\/div>\n\t\t<\/div>\n\t\t\t\t\t<\/div>\n\t\t<\/section>\n\t\t\t\t\t<\/div>\n\t\t<\/div>\n\t\t\t\t\t<\/div>\n\t\t<\/section>\n\t\t\t\t<\/div>","protected":false},"excerpt":{"rendered":"<p><b>Nappe carr\u00e9e<\/b> Jacquard, compos\u00e9 \u00e0 <strong>70% de coton BCI et 30% de coton recycl\u00e9,<\/strong> avec une tonalit\u00e9 de vert de jade qui vous invite a un repas exceptionnel.<\/p>\n<div class=\"flex-1 overflow-hidden\">\n<div class=\"react-scroll-to-bottom--css-wykna-79elbk h-full\">\n<div class=\"react-scroll-to-bottom--css-wykna-1n7m0yu\">\n<div class=\"flex flex-col pb-9 text-sm\">\n<div class=\"w-full text-token-text-primary\" data-testid=\"conversation-turn-117\">\n<div class=\"px-4 py-2 justify-center text-base md:gap-6 m-auto\">\n<div class=\"flex flex-1 text-base mx-auto gap-3 md:px-5 lg:px-1 xl:px-5 md:max-w-3xl lg:max-w-[40rem] xl:max-w-[48rem] group final-completion\">\n<div class=\"relative flex w-full flex-col agent-turn\">\n<div class=\"flex-col gap-1 md:gap-3\">\n<div class=\"flex flex-grow flex-col max-w-full\">\n<div class=\"min-h-[20px] text-message flex flex-col items-start gap-3 whitespace-pre-wrap break-words [.text-message+&amp;]:mt-5 overflow-x-auto\" data-message-author-role=\"assistant\" data-message-id=\"67615186-76a9-42f4-8c98-849c8dbb9f0f\">\n<div class=\"markdown prose w-full break-words dark:prose-invert light\">\n<p>Plongez dans l&rsquo;univers raffin\u00e9 de cette nappe carr\u00e9e Jacquard, o\u00f9 chaque fibre raconte une histoire d&rsquo;\u00e9l\u00e9gance et de durabilit\u00e9.<\/p>\n<p>Cette combinaison de mat\u00e9riaux de haute qualit\u00e9 offre une texture douce et une r\u00e9sistance accrue, tout en r\u00e9duisant l&rsquo;impact sur l&rsquo;environnement.<\/p>\n<p>La tonalit\u00e9 subtile de vert de jade, harmonieuse et apaisante, apporte une touche de fra\u00eecheur \u00e0 votre table, cr\u00e9ant ainsi un cadre id\u00e9al pour des repas d&rsquo;exception en famille ou entre amis.<\/p>\n<p>Au-del\u00e0 de sa fonctionnalit\u00e9 pratique, cette nappe carr\u00e9e devient une pi\u00e8ce ma\u00eetresse de votre d\u00e9coration int\u00e9rieure.<\/p>\n<p>En choisissant cette nappe carr\u00e9e Jacquard de la collection Roch, vous optez pour bien plus qu&rsquo;un simple accessoire de table. Vous optez pour une d\u00e9claration de style consciente et durable.<\/p>\n<\/div>\n<\/div>\n<\/div>\n<\/div>\n<\/div>\n<\/div>\n<\/div>\n<\/div>\n<\/div>\n<\/div>\n<\/div>\n<\/div>\n","protected":false},"featured_media":3713,"comment_status":"open","ping_status":"closed","template":"","meta":{"site-sidebar-layout":"default","site-content-layout":"content-boxed-container","ast-site-content-layout":"normal-width-container","site-content-style":"boxed","site-sidebar-style":"unboxed","ast-global-header-display":"","ast-banner-title-visibility":"","ast-main-header-display":"","ast-hfb-above-header-display":"","ast-hfb-below-header-display":"","ast-hfb-mobile-header-display":"","site-post-title":"","ast-breadcrumbs-content":"","ast-featured-img":"","footer-sml-layout":"","ast-disable-related-posts":"","theme-transparent-header-meta":"default","adv-header-id-meta":"","stick-header-meta":"","header-above-stick-meta":"","header-main-stick-meta":"","header-below-stick-meta":"","astra-migrate-meta-layouts":"set","ast-page-background-enabled":"default","ast-page-background-meta":{"desktop":{"background-color":"var(--ast-global-color-4)","background-image":"","background-repeat":"repeat","background-position":"center center","background-size":"auto","background-attachment":"scroll","background-type":"","background-media":"","overlay-type":"","overlay-color":"","overlay-opacity":"","overlay-gradient":""},"tablet":{"background-color":"","background-image":"","background-repeat":"repeat","background-position":"center center","background-size":"auto","background-attachment":"scroll","background-type":"","background-media":"","overlay-type":"","overlay-color":"","overlay-opacity":"","overlay-gradient":""},"mobile":{"background-color":"","background-image":"","background-repeat":"repeat","background-position":"center center","background-size":"auto","background-attachment":"scroll","background-type":"","background-media":"","overlay-type":"","overlay-color":"","overlay-opacity":"","overlay-gradient":""}},"ast-content-background-meta":{"desktop":{"background-color":"var(--ast-global-color-5)","background-image":"","background-repeat":"repeat","background-position":"center center","background-size":"auto","background-attachment":"scroll","background-type":"","background-media":"","overlay-type":"","overlay-color":"","overlay-opacity":"","overlay-gradient":""},"tablet":{"background-color":"var(--ast-global-color-5)","background-image":"","background-repeat":"repeat","background-position":"center center","background-size":"auto","background-attachment":"scroll","background-type":"","background-media":"","overlay-type":"","overlay-color":"","overlay-opacity":"","overlay-gradient":""},"mobile":{"background-color":"var(--ast-global-color-5)","background-image":"","background-repeat":"repeat","background-position":"center center","background-size":"auto","background-attachment":"scroll","background-type":"","background-media":"","overlay-type":"","overlay-color":"","overlay-opacity":"","overlay-gradient":""}}},"product_brand":[],"product_cat":[106],"product_tag":[],"class_list":{"0":"post-237","1":"product","2":"type-product","3":"status-publish","4":"has-post-thumbnail","6":"product_cat-collection-roch","7":"desktop-align-left","8":"tablet-align-left","9":"mobile-align-left","11":"first","12":"instock","13":"featured","14":"shipping-taxable","15":"purchasable","16":"product-type-simple"},"yoast_head":"<!-- This site is optimized with the Yoast SEO plugin v27.5 - https:\/\/yoast.com\/product\/yoast-seo-wordpress\/ -->\n<title>Nappe carr\u00e9e Jacquard<\/title>\n<meta name=\"description\" content=\"Venez d\u00e9couvrir la magnifique nappe carr\u00e9e jacquard de la collection Roch, compos\u00e9e de coton BCI et de coton recycl\u00e9 un symbole d&#039;\u00e9l\u00e9gance et de durabilit\u00e9.\" \/>\n<meta name=\"robots\" content=\"index, follow, max-snippet:-1, max-image-preview:large, max-video-preview:-1\" \/>\n<link rel=\"canonical\" href=\"https:\/\/www.nenaneffati.com\/en\/product\/nappe-carree-jacquard\/\" \/>\n<meta property=\"og:locale\" content=\"en_US\" \/>\n<meta property=\"og:type\" content=\"article\" \/>\n<meta property=\"og:title\" content=\"Nappe carr\u00e9e Jacquard\" \/>\n<meta property=\"og:description\" content=\"Venez d\u00e9couvrir la magnifique nappe carr\u00e9e jacquard de la collection Roch, compos\u00e9e de coton BCI et de coton recycl\u00e9 un symbole d&#039;\u00e9l\u00e9gance et de durabilit\u00e9.\" \/>\n<meta property=\"og:url\" content=\"https:\/\/www.nenaneffati.com\/en\/product\/nappe-carree-jacquard\/\" \/>\n<meta property=\"article:modified_time\" content=\"2024-07-05T06:48:52+00:00\" \/>\n<meta property=\"og:image\" content=\"https:\/\/www.nenaneffati.com\/wp-content\/uploads\/Nena-Neffati-Nappe-Rect-10-scaled.jpg\" \/>\n\t<meta property=\"og:image:width\" content=\"2560\" \/>\n\t<meta property=\"og:image:height\" content=\"1707\" \/>\n\t<meta property=\"og:image:type\" content=\"image\/jpeg\" \/>\n<meta name=\"twitter:card\" content=\"summary_large_image\" \/>\n<meta name=\"twitter:label1\" content=\"Est. reading time\" \/>\n\t<meta name=\"twitter:data1\" content=\"1 minute\" \/>\n<script type=\"application\/ld+json\" class=\"yoast-schema-graph\">{\"@context\":\"https:\\\/\\\/schema.org\",\"@graph\":[{\"@type\":\"WebPage\",\"@id\":\"https:\\\/\\\/www.nenaneffati.com\\\/produit\\\/nappe-carree-jacquard\",\"url\":\"https:\\\/\\\/www.nenaneffati.com\\\/produit\\\/nappe-carree-jacquard\",\"name\":\"Nappe carr\u00e9e Jacquard\",\"isPartOf\":{\"@id\":\"https:\\\/\\\/www.nenaneffati.com\\\/#website\"},\"primaryImageOfPage\":{\"@id\":\"https:\\\/\\\/www.nenaneffati.com\\\/produit\\\/nappe-carree-jacquard#primaryimage\"},\"image\":{\"@id\":\"https:\\\/\\\/www.nenaneffati.com\\\/produit\\\/nappe-carree-jacquard#primaryimage\"},\"thumbnailUrl\":\"https:\\\/\\\/www.nenaneffati.com\\\/wp-content\\\/uploads\\\/Nena-Neffati-Nappe-Rect-10-scaled.jpg\",\"datePublished\":\"2021-08-18T03:23:30+00:00\",\"dateModified\":\"2024-07-05T06:48:52+00:00\",\"description\":\"Venez d\u00e9couvrir la magnifique nappe carr\u00e9e jacquard de la collection Roch, compos\u00e9e de coton BCI et de coton recycl\u00e9 un symbole d'\u00e9l\u00e9gance et de durabilit\u00e9.\",\"breadcrumb\":{\"@id\":\"https:\\\/\\\/www.nenaneffati.com\\\/produit\\\/nappe-carree-jacquard#breadcrumb\"},\"inLanguage\":\"en-US\",\"potentialAction\":[{\"@type\":\"ReadAction\",\"target\":[\"https:\\\/\\\/www.nenaneffati.com\\\/produit\\\/nappe-carree-jacquard\"]}]},{\"@type\":\"ImageObject\",\"inLanguage\":\"en-US\",\"@id\":\"https:\\\/\\\/www.nenaneffati.com\\\/produit\\\/nappe-carree-jacquard#primaryimage\",\"url\":\"https:\\\/\\\/www.nenaneffati.com\\\/wp-content\\\/uploads\\\/Nena-Neffati-Nappe-Rect-10-scaled.jpg\",\"contentUrl\":\"https:\\\/\\\/www.nenaneffati.com\\\/wp-content\\\/uploads\\\/Nena-Neffati-Nappe-Rect-10-scaled.jpg\",\"width\":2560,\"height\":1707},{\"@type\":\"BreadcrumbList\",\"@id\":\"https:\\\/\\\/www.nenaneffati.com\\\/produit\\\/nappe-carree-jacquard#breadcrumb\",\"itemListElement\":[{\"@type\":\"ListItem\",\"position\":1,\"name\":\"Accueil\",\"item\":\"https:\\\/\\\/www.nenaneffati.com\\\/\"},{\"@type\":\"ListItem\",\"position\":2,\"name\":\"Collections\\\/Boutique\",\"item\":\"https:\\\/\\\/www.nenaneffati.com\\\/collection-boutique-linge-de-maison\"},{\"@type\":\"ListItem\",\"position\":3,\"name\":\"Nappe carr\u00e9e Jacquard\"}]},{\"@type\":\"WebSite\",\"@id\":\"https:\\\/\\\/www.nenaneffati.com\\\/#website\",\"url\":\"https:\\\/\\\/www.nenaneffati.com\\\/\",\"name\":\"\",\"description\":\"\",\"potentialAction\":[{\"@type\":\"SearchAction\",\"target\":{\"@type\":\"EntryPoint\",\"urlTemplate\":\"https:\\\/\\\/www.nenaneffati.com\\\/?s={search_term_string}\"},\"query-input\":{\"@type\":\"PropertyValueSpecification\",\"valueRequired\":true,\"valueName\":\"search_term_string\"}}],\"inLanguage\":\"en-US\"}]}<\/script>\n<!-- \/ Yoast SEO plugin. -->","yoast_head_json":{"title":"Jacquard Square tablecloth","description":"Venez d\u00e9couvrir la magnifique nappe carr\u00e9e jacquard de la collection Roch, compos\u00e9e de coton BCI et de coton recycl\u00e9 un symbole d'\u00e9l\u00e9gance et de durabilit\u00e9.","robots":{"index":"index","follow":"follow","max-snippet":"max-snippet:-1","max-image-preview":"max-image-preview:large","max-video-preview":"max-video-preview:-1"},"canonical":"https:\/\/www.nenaneffati.com\/en\/product\/nappe-carree-jacquard\/","og_locale":"en_US","og_type":"article","og_title":"Nappe carr\u00e9e Jacquard","og_description":"Venez d\u00e9couvrir la magnifique nappe carr\u00e9e jacquard de la collection Roch, compos\u00e9e de coton BCI et de coton recycl\u00e9 un symbole d'\u00e9l\u00e9gance et de durabilit\u00e9.","og_url":"https:\/\/www.nenaneffati.com\/en\/product\/nappe-carree-jacquard\/","article_modified_time":"2024-07-05T06:48:52+00:00","og_image":[{"width":2560,"height":1707,"url":"https:\/\/www.nenaneffati.com\/wp-content\/uploads\/Nena-Neffati-Nappe-Rect-10-scaled.jpg","type":"image\/jpeg"}],"twitter_card":"summary_large_image","twitter_misc":{"Est. reading time":"1 minute"},"schema":{"@context":"https:\/\/schema.org","@graph":[{"@type":"WebPage","@id":"https:\/\/www.nenaneffati.com\/produit\/nappe-carree-jacquard","url":"https:\/\/www.nenaneffati.com\/produit\/nappe-carree-jacquard","name":"Jacquard Square tablecloth","isPartOf":{"@id":"https:\/\/www.nenaneffati.com\/#website"},"primaryImageOfPage":{"@id":"https:\/\/www.nenaneffati.com\/produit\/nappe-carree-jacquard#primaryimage"},"image":{"@id":"https:\/\/www.nenaneffati.com\/produit\/nappe-carree-jacquard#primaryimage"},"thumbnailUrl":"https:\/\/www.nenaneffati.com\/wp-content\/uploads\/Nena-Neffati-Nappe-Rect-10-scaled.jpg","datePublished":"2021-08-18T03:23:30+00:00","dateModified":"2024-07-05T06:48:52+00:00","description":"Venez d\u00e9couvrir la magnifique nappe carr\u00e9e jacquard de la collection Roch, compos\u00e9e de coton BCI et de coton recycl\u00e9 un symbole d'\u00e9l\u00e9gance et de durabilit\u00e9.","breadcrumb":{"@id":"https:\/\/www.nenaneffati.com\/produit\/nappe-carree-jacquard#breadcrumb"},"inLanguage":"en-US","potentialAction":[{"@type":"ReadAction","target":["https:\/\/www.nenaneffati.com\/produit\/nappe-carree-jacquard"]}]},{"@type":"ImageObject","inLanguage":"en-US","@id":"https:\/\/www.nenaneffati.com\/produit\/nappe-carree-jacquard#primaryimage","url":"https:\/\/www.nenaneffati.com\/wp-content\/uploads\/Nena-Neffati-Nappe-Rect-10-scaled.jpg","contentUrl":"https:\/\/www.nenaneffati.com\/wp-content\/uploads\/Nena-Neffati-Nappe-Rect-10-scaled.jpg","width":2560,"height":1707},{"@type":"BreadcrumbList","@id":"https:\/\/www.nenaneffati.com\/produit\/nappe-carree-jacquard#breadcrumb","itemListElement":[{"@type":"ListItem","position":1,"name":"Accueil","item":"https:\/\/www.nenaneffati.com\/"},{"@type":"ListItem","position":2,"name":"Collections\/Boutique","item":"https:\/\/www.nenaneffati.com\/collection-boutique-linge-de-maison"},{"@type":"ListItem","position":3,"name":"Nappe carr\u00e9e Jacquard"}]},{"@type":"WebSite","@id":"https:\/\/www.nenaneffati.com\/#website","url":"https:\/\/www.nenaneffati.com\/","name":"","description":"","potentialAction":[{"@type":"SearchAction","target":{"@type":"EntryPoint","urlTemplate":"https:\/\/www.nenaneffati.com\/?s={search_term_string}"},"query-input":{"@type":"PropertyValueSpecification","valueRequired":true,"valueName":"search_term_string"}}],"inLanguage":"en-US"}]}},"jetpack_sharing_enabled":true,"_links":{"self":[{"href":"https:\/\/www.nenaneffati.com\/en\/wp-json\/wp\/v2\/product\/237","targetHints":{"allow":["GET"]}}],"collection":[{"href":"https:\/\/www.nenaneffati.com\/en\/wp-json\/wp\/v2\/product"}],"about":[{"href":"https:\/\/www.nenaneffati.com\/en\/wp-json\/wp\/v2\/types\/product"}],"replies":[{"embeddable":true,"href":"https:\/\/www.nenaneffati.com\/en\/wp-json\/wp\/v2\/comments?post=237"}],"version-history":[{"count":8,"href":"https:\/\/www.nenaneffati.com\/en\/wp-json\/wp\/v2\/product\/237\/revisions"}],"predecessor-version":[{"id":3860,"href":"https:\/\/www.nenaneffati.com\/en\/wp-json\/wp\/v2\/product\/237\/revisions\/3860"}],"wp:featuredmedia":[{"embeddable":true,"href":"https:\/\/www.nenaneffati.com\/en\/wp-json\/wp\/v2\/media\/3713"}],"wp:attachment":[{"href":"https:\/\/www.nenaneffati.com\/en\/wp-json\/wp\/v2\/media?parent=237"}],"wp:term":[{"taxonomy":"product_brand","embeddable":true,"href":"https:\/\/www.nenaneffati.com\/en\/wp-json\/wp\/v2\/product_brand?post=237"},{"taxonomy":"product_cat","embeddable":true,"href":"https:\/\/www.nenaneffati.com\/en\/wp-json\/wp\/v2\/product_cat?post=237"},{"taxonomy":"product_tag","embeddable":true,"href":"https:\/\/www.nenaneffati.com\/en\/wp-json\/wp\/v2\/product_tag?post=237"}],"curies":[{"name":"wp","href":"https:\/\/api.w.org\/{rel}","templated":true}]}}